{"id":134654,"date":"2024-02-13T13:19:42","date_gmt":"2024-02-13T11:19:42","guid":{"rendered":"https:\/\/metaltale.com\/produktas\/sliding-door-bottom-guide-bs-017-stal\/"},"modified":"2024-02-13T13:19:42","modified_gmt":"2024-02-13T11:19:42","slug":"sliding-door-bottom-guide-bs-017-stal","status":"publish","type":"product","link":"https:\/\/metaltale.com\/en\/product\/sliding-door-bottom-guide-bs-017-stal\/","title":{"rendered":"Sliding door bottom guide BS-017 STAL"},"content":{"rendered":"<div class=\"prod_data\"><strong>The<\/strong> SAVE <strong>model<\/strong>. FG-017. NGB  <br \/><strong>EAN.<\/strong>  5905369906435  <br \/><strong>Material<\/strong> Polymer  <br \/><strong>Colour<\/strong> Black  <br \/><strong>Quantity per set<\/strong> 1 pc.  <\/p>\n<p><span style=\"font-size: medium;\">&#8211; T-type wall guide adjustable<\/span><br \/><span style=\"font-size: medium;\">&#8211; the product stabilises the sliding door in the frontal plane, guaranteeing safe use<\/span><br \/><span style=\"font-size: medium;\">&#8211; by performing its function directly under the door, it remains invisible to users<\/span><br \/><span style=\"font-size: medium;\">&#8211; made of high quality plastic and steel for a long service life<\/span><br \/><span style=\"font-size: medium;\">&#8211; guide for doors with bottom cutter<\/span><br \/><span style=\"font-size: medium;\">&#8211; wall fixing ensures that panels, wooden clips or floor tiles are not interfered with<\/span><br \/><span style=\"font-size: medium;\">&#8211; the product features simple and intuitive assembly<\/span><br \/><span style=\"font-size: medium;\">&#8211; the distance of the stabilising part of the chain from the wall can be adjusted, even after installation<\/span><br \/><span style=\"font-size: medium;\">&#8211; can be used for any type of sliding door: made of natural wood as well as all types of board<\/span><\/p>\n<hr>\n<p><span style=\"font-size: medium;\">A very simple but very practical lower chain. Its small size makes it almost invisible to users. It will be used for all types of doors, both loft, country and modern with a bottom cutter.<\/span><\/p>\n<\/p>\n<\/div>\n","protected":false},"excerpt":{"rendered":"<p>The SAVE model. FG-017. NGB EAN. 5905369906435 Material Polymer Colour Black Quantity per set 1 pc. &#8211; T-type wall guide<\/p>\n","protected":false},"featured_media":65588,"comment_status":"open","ping_status":"closed","template":"","meta":{"_acf_changed":false,"pmpro_default_level":""},"product_brand":[],"product_cat":[23919],"product_tag":[],"class_list":{"0":"post-134654","1":"product","2":"type-product","3":"status-publish","4":"has-post-thumbnail","6":"product_cat-sliding-door-systems","7":"pmpro-has-access","9":"first","10":"instock","11":"shipping-taxable","12":"purchasable","13":"product-type-simple"},"acf":[],"yoast_head":"<!-- This site is optimized with the Yoast SEO plugin v24.9 - https:\/\/yoast.com\/wordpress\/plugins\/seo\/ -->\n<title>Sliding door bottom guide BS-017 STAL - MetalTale.com<\/title>\n<meta name=\"robots\" content=\"index, follow, max-snippet:-1, max-image-preview:large, max-video-preview:-1\" \/>\n<link rel=\"canonical\" href=\"https:\/\/metaltale.com\/en\/product\/sliding-door-bottom-guide-bs-017-stal\/\" \/>\n<meta property=\"og:locale\" content=\"en_US\" \/>\n<meta property=\"og:type\" content=\"article\" \/>\n<meta property=\"og:title\" content=\"Sliding door bottom guide BS-017 STAL - MetalTale.com\" \/>\n<meta property=\"og:description\" content=\"The SAVE model. FG-017. NGB EAN. 5905369906435 Material Polymer Colour Black Quantity per set 1 pc. &#8211; T-type wall guide\" \/>\n<meta property=\"og:url\" content=\"https:\/\/metaltale.com\/en\/product\/sliding-door-bottom-guide-bs-017-stal\/\" \/>\n<meta property=\"og:site_name\" content=\"MetalTale.com\" \/>\n<meta property=\"og:image\" content=\"http:\/\/metaltale.com\/wp-content\/uploads\/2023\/09\/Prowadnik-BS-017.jpg\" \/>\n\t<meta property=\"og:image:width\" content=\"800\" \/>\n\t<meta property=\"og:image:height\" content=\"800\" \/>\n\t<meta property=\"og:image:type\" content=\"image\/jpeg\" \/>\n<meta name=\"twitter:card\" content=\"summary_large_image\" \/>\n<meta name=\"twitter:label1\" content=\"Est. reading time\" \/>\n\t<meta name=\"twitter:data1\" content=\"1 minute\" \/>\n<script type=\"application\/ld+json\" class=\"yoast-schema-graph\">{\"@context\":\"https:\/\/schema.org\",\"@graph\":[{\"@type\":\"WebPage\",\"@id\":\"https:\/\/metaltale.com\/en\/product\/sliding-door-bottom-guide-bs-017-stal\/\",\"url\":\"https:\/\/metaltale.com\/en\/product\/sliding-door-bottom-guide-bs-017-stal\/\",\"name\":\"Sliding door bottom guide BS-017 STAL - MetalTale.com\",\"isPartOf\":{\"@id\":\"https:\/\/metaltale.com\/en\/#website\"},\"primaryImageOfPage\":{\"@id\":\"https:\/\/metaltale.com\/en\/product\/sliding-door-bottom-guide-bs-017-stal\/#primaryimage\"},\"image\":{\"@id\":\"https:\/\/metaltale.com\/en\/product\/sliding-door-bottom-guide-bs-017-stal\/#primaryimage\"},\"thumbnailUrl\":\"https:\/\/metaltale.com\/wp-content\/uploads\/2023\/09\/Prowadnik-BS-017.jpg\",\"datePublished\":\"2024-02-13T11:19:42+00:00\",\"breadcrumb\":{\"@id\":\"https:\/\/metaltale.com\/en\/product\/sliding-door-bottom-guide-bs-017-stal\/#breadcrumb\"},\"inLanguage\":\"en-US\",\"potentialAction\":[{\"@type\":\"ReadAction\",\"target\":[\"https:\/\/metaltale.com\/en\/product\/sliding-door-bottom-guide-bs-017-stal\/\"]}]},{\"@type\":\"ImageObject\",\"inLanguage\":\"en-US\",\"@id\":\"https:\/\/metaltale.com\/en\/product\/sliding-door-bottom-guide-bs-017-stal\/#primaryimage\",\"url\":\"https:\/\/metaltale.com\/wp-content\/uploads\/2023\/09\/Prowadnik-BS-017.jpg\",\"contentUrl\":\"https:\/\/metaltale.com\/wp-content\/uploads\/2023\/09\/Prowadnik-BS-017.jpg\",\"width\":800,\"height\":800,\"caption\":\"Stumdom\u0173j\u0173 dur\u0173 apa\u010dios kreipian\u010dioji BS-017 STAL\"},{\"@type\":\"BreadcrumbList\",\"@id\":\"https:\/\/metaltale.com\/en\/product\/sliding-door-bottom-guide-bs-017-stal\/#breadcrumb\",\"itemListElement\":[{\"@type\":\"ListItem\",\"position\":1,\"name\":\"Home\",\"item\":\"https:\/\/metaltale.com\/en\/home-decor\/\"},{\"@type\":\"ListItem\",\"position\":2,\"name\":\"Shop\",\"item\":\"https:\/\/metaltale.com\/en\/shop\/\"},{\"@type\":\"ListItem\",\"position\":3,\"name\":\"Sliding door bottom guide BS-017 STAL\"}]},{\"@type\":\"WebSite\",\"@id\":\"https:\/\/metaltale.com\/en\/#website\",\"url\":\"https:\/\/metaltale.com\/en\/\",\"name\":\"Metaltale.com\",\"description\":\"\",\"potentialAction\":[{\"@type\":\"SearchAction\",\"target\":{\"@type\":\"EntryPoint\",\"urlTemplate\":\"https:\/\/metaltale.com\/en\/?s={search_term_string}\"},\"query-input\":{\"@type\":\"PropertyValueSpecification\",\"valueRequired\":true,\"valueName\":\"search_term_string\"}}],\"inLanguage\":\"en-US\"}]}<\/script>\n<!-- \/ Yoast SEO plugin. -->","yoast_head_json":{"title":"Sliding door bottom guide BS-017 STAL - MetalTale.com","robots":{"index":"index","follow":"follow","max-snippet":"max-snippet:-1","max-image-preview":"max-image-preview:large","max-video-preview":"max-video-preview:-1"},"canonical":"https:\/\/metaltale.com\/en\/product\/sliding-door-bottom-guide-bs-017-stal\/","og_locale":"en_US","og_type":"article","og_title":"Sliding door bottom guide BS-017 STAL - MetalTale.com","og_description":"The SAVE model. FG-017. NGB EAN. 5905369906435 Material Polymer Colour Black Quantity per set 1 pc. &#8211; T-type wall guide","og_url":"https:\/\/metaltale.com\/en\/product\/sliding-door-bottom-guide-bs-017-stal\/","og_site_name":"MetalTale.com","og_image":[{"width":800,"height":800,"url":"http:\/\/metaltale.com\/wp-content\/uploads\/2023\/09\/Prowadnik-BS-017.jpg","type":"image\/jpeg"}],"twitter_card":"summary_large_image","twitter_misc":{"Est. reading time":"1 minute"},"schema":{"@context":"https:\/\/schema.org","@graph":[{"@type":"WebPage","@id":"https:\/\/metaltale.com\/en\/product\/sliding-door-bottom-guide-bs-017-stal\/","url":"https:\/\/metaltale.com\/en\/product\/sliding-door-bottom-guide-bs-017-stal\/","name":"Sliding door bottom guide BS-017 STAL - MetalTale.com","isPartOf":{"@id":"https:\/\/metaltale.com\/en\/#website"},"primaryImageOfPage":{"@id":"https:\/\/metaltale.com\/en\/product\/sliding-door-bottom-guide-bs-017-stal\/#primaryimage"},"image":{"@id":"https:\/\/metaltale.com\/en\/product\/sliding-door-bottom-guide-bs-017-stal\/#primaryimage"},"thumbnailUrl":"https:\/\/metaltale.com\/wp-content\/uploads\/2023\/09\/Prowadnik-BS-017.jpg","datePublished":"2024-02-13T11:19:42+00:00","breadcrumb":{"@id":"https:\/\/metaltale.com\/en\/product\/sliding-door-bottom-guide-bs-017-stal\/#breadcrumb"},"inLanguage":"en-US","potentialAction":[{"@type":"ReadAction","target":["https:\/\/metaltale.com\/en\/product\/sliding-door-bottom-guide-bs-017-stal\/"]}]},{"@type":"ImageObject","inLanguage":"en-US","@id":"https:\/\/metaltale.com\/en\/product\/sliding-door-bottom-guide-bs-017-stal\/#primaryimage","url":"https:\/\/metaltale.com\/wp-content\/uploads\/2023\/09\/Prowadnik-BS-017.jpg","contentUrl":"https:\/\/metaltale.com\/wp-content\/uploads\/2023\/09\/Prowadnik-BS-017.jpg","width":800,"height":800,"caption":"Stumdom\u0173j\u0173 dur\u0173 apa\u010dios kreipian\u010dioji BS-017 STAL"},{"@type":"BreadcrumbList","@id":"https:\/\/metaltale.com\/en\/product\/sliding-door-bottom-guide-bs-017-stal\/#breadcrumb","itemListElement":[{"@type":"ListItem","position":1,"name":"Home","item":"https:\/\/metaltale.com\/en\/home-decor\/"},{"@type":"ListItem","position":2,"name":"Shop","item":"https:\/\/metaltale.com\/en\/shop\/"},{"@type":"ListItem","position":3,"name":"Sliding door bottom guide BS-017 STAL"}]},{"@type":"WebSite","@id":"https:\/\/metaltale.com\/en\/#website","url":"https:\/\/metaltale.com\/en\/","name":"Metaltale.com","description":"","potentialAction":[{"@type":"SearchAction","target":{"@type":"EntryPoint","urlTemplate":"https:\/\/metaltale.com\/en\/?s={search_term_string}"},"query-input":{"@type":"PropertyValueSpecification","valueRequired":true,"valueName":"search_term_string"}}],"inLanguage":"en-US"}]}},"_links":{"self":[{"href":"https:\/\/metaltale.com\/en\/wp-json\/wp\/v2\/product\/134654","targetHints":{"allow":["GET"]}}],"collection":[{"href":"https:\/\/metaltale.com\/en\/wp-json\/wp\/v2\/product"}],"about":[{"href":"https:\/\/metaltale.com\/en\/wp-json\/wp\/v2\/types\/product"}],"replies":[{"embeddable":true,"href":"https:\/\/metaltale.com\/en\/wp-json\/wp\/v2\/comments?post=134654"}],"version-history":[{"count":0,"href":"https:\/\/metaltale.com\/en\/wp-json\/wp\/v2\/product\/134654\/revisions"}],"wp:featuredmedia":[{"embeddable":true,"href":"https:\/\/metaltale.com\/en\/wp-json\/wp\/v2\/media\/65588"}],"wp:attachment":[{"href":"https:\/\/metaltale.com\/en\/wp-json\/wp\/v2\/media?parent=134654"}],"wp:term":[{"taxonomy":"product_brand","embeddable":true,"href":"https:\/\/metaltale.com\/en\/wp-json\/wp\/v2\/product_brand?post=134654"},{"taxonomy":"product_cat","embeddable":true,"href":"https:\/\/metaltale.com\/en\/wp-json\/wp\/v2\/product_cat?post=134654"},{"taxonomy":"product_tag","embeddable":true,"href":"https:\/\/metaltale.com\/en\/wp-json\/wp\/v2\/product_tag?post=134654"}],"curies":[{"name":"wp","href":"https:\/\/api.w.org\/{rel}","templated":true}]}}