{"id":134418,"date":"2024-01-12T18:05:50","date_gmt":"2024-01-12T16:05:50","guid":{"rendered":"https:\/\/metaltale.com\/produktas\/single-leaf-door-wall-mounted-guide-gold-old\/"},"modified":"2024-01-12T18:05:50","modified_gmt":"2024-01-12T16:05:50","slug":"single-leaf-door-wall-mounted-guide-gold-old","status":"publish","type":"product","link":"https:\/\/metaltale.com\/en\/product\/single-leaf-door-wall-mounted-guide-gold-old\/","title":{"rendered":"Single-leaf door wall-mounted guide gold OLD"},"content":{"rendered":"<div class=\"prod_data\"><strong>Model<\/strong> SE.SPK-301-ZL  <br \/><strong>Material<\/strong> Steel  <br \/><strong>Total length [cm]<\/strong> 200  <br \/><strong>Mounting screws<\/strong> Yes  <br \/>Wall <strong>mounting<\/strong>  <br \/>Colour Golden <br \/><strong>Guide to<\/strong> MATYTI  <br \/><strong>Installation instructions<\/strong> Download  <\/p>\n<p><strong>The set includes:<\/strong><\/p>\n<p>metal guide 200cm (2x100cm)<\/p>\n<p>Decorative bearing rollers (2 pcs)<\/p>\n<p>Spacer sleeves (5 pcs.)<\/p>\n<p>horizontal (2 pcs) and vertical (2 pcs) limiters<\/p>\n<p>Floor guide (1 piece)<\/p>\n<p>fastening kit: screws, bolts and washers<\/p>\n<\/p>\n<p><strong>Product features:<\/strong><\/p>\n<p>The offer includes a sliding system for a single door, wall installation<\/p>\n<p>the model is designed for sliding wooden doors up to 100 kg<\/p>\n<p>Bearing wheel for easy and quiet movement<\/p>\n<p>Includes bottom rail, covering, floor-mounted, for use with or without moulded doors<\/p>\n<p>five fixing points ensure stability, security and durability<\/p>\n<p>the kit includes screws for installation on both timber structures and masonry walls<\/p>\n<p>the system is easy and intuitive to install<\/p>\n<p>meticulous dispatch control and top-quality packaging guarantee satisfaction<\/p>\n<hr>\n<p>The proposed threshold will delight all fans of glamour, modern and more traditional interiors. The threshold will look great in combination with a white wooden door or a door with a more traditional finish. The GLAMOUR threshold is an offer for everyone who is not afraid of unconventional combinations. The top quality materials used will allow you to enjoy our sliding door system for many years to come, while the bearing castors guarantee quiet and comfortable door movement. The sliding door threshold is the ideal combination of a practical solution and a striking design.<\/p>\n<\/div>\n","protected":false},"excerpt":{"rendered":"<p>Model SE.SPK-301-ZL Material Steel Total length [cm] 200 Mounting screws Yes Wall mounting Colour Golden Guide to MATYTI Installation instructions<\/p>\n","protected":false},"featured_media":96857,"comment_status":"open","ping_status":"closed","template":"","meta":{"_acf_changed":false,"pmpro_default_level":""},"product_brand":[],"product_cat":[23950,23919],"product_tag":[],"class_list":{"0":"post-134418","1":"product","2":"type-product","3":"status-publish","4":"has-post-thumbnail","6":"product_cat-sliding-door-guides","7":"product_cat-sliding-door-systems","8":"pmpro-has-access","10":"first","11":"instock","12":"shipping-taxable","13":"purchasable","14":"product-type-simple"},"acf":[],"yoast_head":"<!-- This site is optimized with the Yoast SEO plugin v24.9 - https:\/\/yoast.com\/wordpress\/plugins\/seo\/ -->\n<title>Single-leaf door wall-mounted guide gold OLD - MetalTale.com<\/title>\n<meta name=\"robots\" content=\"index, follow, max-snippet:-1, max-image-preview:large, max-video-preview:-1\" \/>\n<link rel=\"canonical\" href=\"https:\/\/metaltale.com\/en\/product\/single-leaf-door-wall-mounted-guide-gold-old\/\" \/>\n<meta property=\"og:locale\" content=\"en_US\" \/>\n<meta property=\"og:type\" content=\"article\" \/>\n<meta property=\"og:title\" content=\"Single-leaf door wall-mounted guide gold OLD - MetalTale.com\" \/>\n<meta property=\"og:description\" content=\"Model SE.SPK-301-ZL Material Steel Total length [cm] 200 Mounting screws Yes Wall mounting Colour Golden Guide to MATYTI Installation instructions\" \/>\n<meta property=\"og:url\" content=\"https:\/\/metaltale.com\/en\/product\/single-leaf-door-wall-mounted-guide-gold-old\/\" \/>\n<meta property=\"og:site_name\" content=\"MetalTale.com\" \/>\n<meta property=\"og:image\" content=\"http:\/\/metaltale.com\/wp-content\/uploads\/2023\/10\/Stumdomx173-durx173-sistemos.jpg\" \/>\n\t<meta property=\"og:image:width\" content=\"800\" \/>\n\t<meta property=\"og:image:height\" content=\"800\" \/>\n\t<meta property=\"og:image:type\" content=\"image\/jpeg\" \/>\n<meta name=\"twitter:card\" content=\"summary_large_image\" \/>\n<meta name=\"twitter:label1\" content=\"Est. reading time\" \/>\n\t<meta name=\"twitter:data1\" content=\"1 minute\" \/>\n<script type=\"application\/ld+json\" class=\"yoast-schema-graph\">{\"@context\":\"https:\/\/schema.org\",\"@graph\":[{\"@type\":\"WebPage\",\"@id\":\"https:\/\/metaltale.com\/en\/product\/single-leaf-door-wall-mounted-guide-gold-old\/\",\"url\":\"https:\/\/metaltale.com\/en\/product\/single-leaf-door-wall-mounted-guide-gold-old\/\",\"name\":\"Single-leaf door wall-mounted guide gold OLD - MetalTale.com\",\"isPartOf\":{\"@id\":\"https:\/\/metaltale.com\/en\/#website\"},\"primaryImageOfPage\":{\"@id\":\"https:\/\/metaltale.com\/en\/product\/single-leaf-door-wall-mounted-guide-gold-old\/#primaryimage\"},\"image\":{\"@id\":\"https:\/\/metaltale.com\/en\/product\/single-leaf-door-wall-mounted-guide-gold-old\/#primaryimage\"},\"thumbnailUrl\":\"https:\/\/metaltale.com\/wp-content\/uploads\/2023\/10\/Stumdomx173-durx173-sistemos.jpg\",\"datePublished\":\"2024-01-12T16:05:50+00:00\",\"breadcrumb\":{\"@id\":\"https:\/\/metaltale.com\/en\/product\/single-leaf-door-wall-mounted-guide-gold-old\/#breadcrumb\"},\"inLanguage\":\"en-US\",\"potentialAction\":[{\"@type\":\"ReadAction\",\"target\":[\"https:\/\/metaltale.com\/en\/product\/single-leaf-door-wall-mounted-guide-gold-old\/\"]}]},{\"@type\":\"ImageObject\",\"inLanguage\":\"en-US\",\"@id\":\"https:\/\/metaltale.com\/en\/product\/single-leaf-door-wall-mounted-guide-gold-old\/#primaryimage\",\"url\":\"https:\/\/metaltale.com\/wp-content\/uploads\/2023\/10\/Stumdomx173-durx173-sistemos.jpg\",\"contentUrl\":\"https:\/\/metaltale.com\/wp-content\/uploads\/2023\/10\/Stumdomx173-durx173-sistemos.jpg\",\"width\":800,\"height\":800,\"caption\":\"Stumdom\u0173 dur\u0173 sistema OLD auksin\u0117\"},{\"@type\":\"BreadcrumbList\",\"@id\":\"https:\/\/metaltale.com\/en\/product\/single-leaf-door-wall-mounted-guide-gold-old\/#breadcrumb\",\"itemListElement\":[{\"@type\":\"ListItem\",\"position\":1,\"name\":\"Home\",\"item\":\"https:\/\/metaltale.com\/en\/home-decor\/\"},{\"@type\":\"ListItem\",\"position\":2,\"name\":\"Shop\",\"item\":\"https:\/\/metaltale.com\/en\/shop\/\"},{\"@type\":\"ListItem\",\"position\":3,\"name\":\"Single-leaf door wall-mounted guide gold OLD\"}]},{\"@type\":\"WebSite\",\"@id\":\"https:\/\/metaltale.com\/en\/#website\",\"url\":\"https:\/\/metaltale.com\/en\/\",\"name\":\"Metaltale.com\",\"description\":\"\",\"potentialAction\":[{\"@type\":\"SearchAction\",\"target\":{\"@type\":\"EntryPoint\",\"urlTemplate\":\"https:\/\/metaltale.com\/en\/?s={search_term_string}\"},\"query-input\":{\"@type\":\"PropertyValueSpecification\",\"valueRequired\":true,\"valueName\":\"search_term_string\"}}],\"inLanguage\":\"en-US\"}]}<\/script>\n<!-- \/ Yoast SEO plugin. -->","yoast_head_json":{"title":"Single-leaf door wall-mounted guide gold OLD - MetalTale.com","robots":{"index":"index","follow":"follow","max-snippet":"max-snippet:-1","max-image-preview":"max-image-preview:large","max-video-preview":"max-video-preview:-1"},"canonical":"https:\/\/metaltale.com\/en\/product\/single-leaf-door-wall-mounted-guide-gold-old\/","og_locale":"en_US","og_type":"article","og_title":"Single-leaf door wall-mounted guide gold OLD - MetalTale.com","og_description":"Model SE.SPK-301-ZL Material Steel Total length [cm] 200 Mounting screws Yes Wall mounting Colour Golden Guide to MATYTI Installation instructions","og_url":"https:\/\/metaltale.com\/en\/product\/single-leaf-door-wall-mounted-guide-gold-old\/","og_site_name":"MetalTale.com","og_image":[{"width":800,"height":800,"url":"http:\/\/metaltale.com\/wp-content\/uploads\/2023\/10\/Stumdomx173-durx173-sistemos.jpg","type":"image\/jpeg"}],"twitter_card":"summary_large_image","twitter_misc":{"Est. reading time":"1 minute"},"schema":{"@context":"https:\/\/schema.org","@graph":[{"@type":"WebPage","@id":"https:\/\/metaltale.com\/en\/product\/single-leaf-door-wall-mounted-guide-gold-old\/","url":"https:\/\/metaltale.com\/en\/product\/single-leaf-door-wall-mounted-guide-gold-old\/","name":"Single-leaf door wall-mounted guide gold OLD - MetalTale.com","isPartOf":{"@id":"https:\/\/metaltale.com\/en\/#website"},"primaryImageOfPage":{"@id":"https:\/\/metaltale.com\/en\/product\/single-leaf-door-wall-mounted-guide-gold-old\/#primaryimage"},"image":{"@id":"https:\/\/metaltale.com\/en\/product\/single-leaf-door-wall-mounted-guide-gold-old\/#primaryimage"},"thumbnailUrl":"https:\/\/metaltale.com\/wp-content\/uploads\/2023\/10\/Stumdomx173-durx173-sistemos.jpg","datePublished":"2024-01-12T16:05:50+00:00","breadcrumb":{"@id":"https:\/\/metaltale.com\/en\/product\/single-leaf-door-wall-mounted-guide-gold-old\/#breadcrumb"},"inLanguage":"en-US","potentialAction":[{"@type":"ReadAction","target":["https:\/\/metaltale.com\/en\/product\/single-leaf-door-wall-mounted-guide-gold-old\/"]}]},{"@type":"ImageObject","inLanguage":"en-US","@id":"https:\/\/metaltale.com\/en\/product\/single-leaf-door-wall-mounted-guide-gold-old\/#primaryimage","url":"https:\/\/metaltale.com\/wp-content\/uploads\/2023\/10\/Stumdomx173-durx173-sistemos.jpg","contentUrl":"https:\/\/metaltale.com\/wp-content\/uploads\/2023\/10\/Stumdomx173-durx173-sistemos.jpg","width":800,"height":800,"caption":"Stumdom\u0173 dur\u0173 sistema OLD auksin\u0117"},{"@type":"BreadcrumbList","@id":"https:\/\/metaltale.com\/en\/product\/single-leaf-door-wall-mounted-guide-gold-old\/#breadcrumb","itemListElement":[{"@type":"ListItem","position":1,"name":"Home","item":"https:\/\/metaltale.com\/en\/home-decor\/"},{"@type":"ListItem","position":2,"name":"Shop","item":"https:\/\/metaltale.com\/en\/shop\/"},{"@type":"ListItem","position":3,"name":"Single-leaf door wall-mounted guide gold OLD"}]},{"@type":"WebSite","@id":"https:\/\/metaltale.com\/en\/#website","url":"https:\/\/metaltale.com\/en\/","name":"Metaltale.com","description":"","potentialAction":[{"@type":"SearchAction","target":{"@type":"EntryPoint","urlTemplate":"https:\/\/metaltale.com\/en\/?s={search_term_string}"},"query-input":{"@type":"PropertyValueSpecification","valueRequired":true,"valueName":"search_term_string"}}],"inLanguage":"en-US"}]}},"_links":{"self":[{"href":"https:\/\/metaltale.com\/en\/wp-json\/wp\/v2\/product\/134418","targetHints":{"allow":["GET"]}}],"collection":[{"href":"https:\/\/metaltale.com\/en\/wp-json\/wp\/v2\/product"}],"about":[{"href":"https:\/\/metaltale.com\/en\/wp-json\/wp\/v2\/types\/product"}],"replies":[{"embeddable":true,"href":"https:\/\/metaltale.com\/en\/wp-json\/wp\/v2\/comments?post=134418"}],"version-history":[{"count":0,"href":"https:\/\/metaltale.com\/en\/wp-json\/wp\/v2\/product\/134418\/revisions"}],"wp:featuredmedia":[{"embeddable":true,"href":"https:\/\/metaltale.com\/en\/wp-json\/wp\/v2\/media\/96857"}],"wp:attachment":[{"href":"https:\/\/metaltale.com\/en\/wp-json\/wp\/v2\/media?parent=134418"}],"wp:term":[{"taxonomy":"product_brand","embeddable":true,"href":"https:\/\/metaltale.com\/en\/wp-json\/wp\/v2\/product_brand?post=134418"},{"taxonomy":"product_cat","embeddable":true,"href":"https:\/\/metaltale.com\/en\/wp-json\/wp\/v2\/product_cat?post=134418"},{"taxonomy":"product_tag","embeddable":true,"href":"https:\/\/metaltale.com\/en\/wp-json\/wp\/v2\/product_tag?post=134418"}],"curies":[{"name":"wp","href":"https:\/\/api.w.org\/{rel}","templated":true}]}}