{"id":133645,"date":"2024-02-13T15:23:56","date_gmt":"2024-02-13T13:23:56","guid":{"rendered":"https:\/\/metaltale.com\/produktas\/freestanding-kitchen-mixer-prato-antique-brass\/"},"modified":"2024-02-13T15:23:56","modified_gmt":"2024-02-13T13:23:56","slug":"freestanding-kitchen-mixer-prato-antique-brass","status":"publish","type":"product","link":"https:\/\/metaltale.com\/en\/product\/freestanding-kitchen-mixer-prato-antique-brass\/","title":{"rendered":"Freestanding kitchen mixer PRATO, antique brass"},"content":{"rendered":"<div class=\"prod_data\">\n<p><strong>Model<\/strong> QZ.CF-004-AMD<br \/>\nModern <strong>Collection<\/strong><br \/>\n<strong>Height (cm)<\/strong> 35.2<br \/>\n<strong>Diameter of base (cm)<\/strong> 4.9<br \/>\n<strong>Spout length (cm)<\/strong> 19.5<br \/>\n<strong>Height to spout (cm)<\/strong> 33.5<br \/>\n<strong>Material<\/strong> Stainless steel<br \/>\n<strong>Colour<\/strong> Antique brass<br \/>\nFinish Matte<br \/>\n<strong>Installation opening diameter<\/strong> 4.2<br \/>\n<strong>Rotating spout<\/strong> Yes<br \/>\n<strong>Perlator (aerator)<\/strong> Yes<\/p>\n<p>wall-mounted mixer in stainless steel<\/p>\n<p>360&#8242; swivel spout<\/p>\n<p>ceramic head &#8211; the element that ensures proper water distribution<\/p>\n<p>Aerator &#8211; for reduced water consumption<\/p>\n<p>All necessary elements for installation (hose, screw for table top, screw gaskets) are included in the set<\/p>\n<hr>\n<p>The Kitchen Faucet is a combination of aesthetics and practicality that will meet the expectations of even the most demanding users. The swivel spout offers exceptional freedom of movement, so the water flow can be directed in any direction. This is a very practical solution that makes filling dishes easier and helps keep the area around the sink clean. Made of robust materials, the Kitchen Faucet ensures durability and strength, and its antique brass finish makes it a perfect match for a wide range of kitchen fittings, adding a touch of modern luxury.<\/p>\n<\/div>\n","protected":false},"excerpt":{"rendered":"<p>Model QZ.CF-004-AMD Modern Collection Height (cm) 35.2 Diameter of base (cm) 4.9 Spout length (cm) 19.5 Height to spout (cm)<\/p>\n","protected":false},"featured_media":143056,"comment_status":"open","ping_status":"closed","template":"","meta":{"_acf_changed":false,"pmpro_default_level":""},"product_brand":[],"product_cat":[23958,23957],"product_tag":[],"class_list":{"0":"post-133645","1":"product","2":"type-product","3":"status-publish","4":"has-post-thumbnail","6":"product_cat-freestanding-kitchen-mixers","7":"product_cat-kitchen-mixers","8":"pmpro-has-access","10":"first","11":"instock","12":"shipping-taxable","13":"purchasable","14":"product-type-simple"},"acf":[],"yoast_head":"<!-- This site is optimized with the Yoast SEO plugin v24.9 - https:\/\/yoast.com\/wordpress\/plugins\/seo\/ -->\n<title>Freestanding kitchen mixer PRATO, antique brass - MetalTale.com<\/title>\n<meta name=\"robots\" content=\"index, follow, max-snippet:-1, max-image-preview:large, max-video-preview:-1\" \/>\n<link rel=\"canonical\" href=\"https:\/\/metaltale.com\/en\/product\/freestanding-kitchen-mixer-prato-antique-brass\/\" \/>\n<meta property=\"og:locale\" content=\"en_US\" \/>\n<meta property=\"og:type\" content=\"article\" \/>\n<meta property=\"og:title\" content=\"Freestanding kitchen mixer PRATO, antique brass - MetalTale.com\" \/>\n<meta property=\"og:description\" content=\"Model QZ.CF-004-AMD Modern Collection Height (cm) 35.2 Diameter of base (cm) 4.9 Spout length (cm) 19.5 Height to spout (cm)\" \/>\n<meta property=\"og:url\" content=\"https:\/\/metaltale.com\/en\/product\/freestanding-kitchen-mixer-prato-antique-brass\/\" \/>\n<meta property=\"og:site_name\" content=\"MetalTale.com\" \/>\n<meta property=\"og:image\" content=\"http:\/\/metaltale.com\/wp-content\/uploads\/2024\/02\/bateria-kuchenna-stojaca-zlota-glamour-767.jpg\" \/>\n\t<meta property=\"og:image:width\" content=\"800\" \/>\n\t<meta property=\"og:image:height\" content=\"800\" \/>\n\t<meta property=\"og:image:type\" content=\"image\/jpeg\" \/>\n<meta name=\"twitter:card\" content=\"summary_large_image\" \/>\n<meta name=\"twitter:label1\" content=\"Est. reading time\" \/>\n\t<meta name=\"twitter:data1\" content=\"1 minute\" \/>\n<script type=\"application\/ld+json\" class=\"yoast-schema-graph\">{\"@context\":\"https:\/\/schema.org\",\"@graph\":[{\"@type\":\"WebPage\",\"@id\":\"https:\/\/metaltale.com\/en\/product\/freestanding-kitchen-mixer-prato-antique-brass\/\",\"url\":\"https:\/\/metaltale.com\/en\/product\/freestanding-kitchen-mixer-prato-antique-brass\/\",\"name\":\"Freestanding kitchen mixer PRATO, antique brass - MetalTale.com\",\"isPartOf\":{\"@id\":\"https:\/\/metaltale.com\/en\/#website\"},\"primaryImageOfPage\":{\"@id\":\"https:\/\/metaltale.com\/en\/product\/freestanding-kitchen-mixer-prato-antique-brass\/#primaryimage\"},\"image\":{\"@id\":\"https:\/\/metaltale.com\/en\/product\/freestanding-kitchen-mixer-prato-antique-brass\/#primaryimage\"},\"thumbnailUrl\":\"https:\/\/metaltale.com\/wp-content\/uploads\/2024\/02\/bateria-kuchenna-stojaca-zlota-glamour-767.jpg\",\"datePublished\":\"2024-02-13T13:23:56+00:00\",\"breadcrumb\":{\"@id\":\"https:\/\/metaltale.com\/en\/product\/freestanding-kitchen-mixer-prato-antique-brass\/#breadcrumb\"},\"inLanguage\":\"en-US\",\"potentialAction\":[{\"@type\":\"ReadAction\",\"target\":[\"https:\/\/metaltale.com\/en\/product\/freestanding-kitchen-mixer-prato-antique-brass\/\"]}]},{\"@type\":\"ImageObject\",\"inLanguage\":\"en-US\",\"@id\":\"https:\/\/metaltale.com\/en\/product\/freestanding-kitchen-mixer-prato-antique-brass\/#primaryimage\",\"url\":\"https:\/\/metaltale.com\/wp-content\/uploads\/2024\/02\/bateria-kuchenna-stojaca-zlota-glamour-767.jpg\",\"contentUrl\":\"https:\/\/metaltale.com\/wp-content\/uploads\/2024\/02\/bateria-kuchenna-stojaca-zlota-glamour-767.jpg\",\"width\":800,\"height\":800,\"caption\":\"Laisvai pastatomas virtuv\u0117s mai\u0161ytuvas PRATO, antikvarinis \u017ealvaris\"},{\"@type\":\"BreadcrumbList\",\"@id\":\"https:\/\/metaltale.com\/en\/product\/freestanding-kitchen-mixer-prato-antique-brass\/#breadcrumb\",\"itemListElement\":[{\"@type\":\"ListItem\",\"position\":1,\"name\":\"Home\",\"item\":\"https:\/\/metaltale.com\/en\/home-decor\/\"},{\"@type\":\"ListItem\",\"position\":2,\"name\":\"Shop\",\"item\":\"https:\/\/metaltale.com\/en\/shop\/\"},{\"@type\":\"ListItem\",\"position\":3,\"name\":\"Freestanding kitchen mixer PRATO, antique brass\"}]},{\"@type\":\"WebSite\",\"@id\":\"https:\/\/metaltale.com\/en\/#website\",\"url\":\"https:\/\/metaltale.com\/en\/\",\"name\":\"Metaltale.com\",\"description\":\"\",\"potentialAction\":[{\"@type\":\"SearchAction\",\"target\":{\"@type\":\"EntryPoint\",\"urlTemplate\":\"https:\/\/metaltale.com\/en\/?s={search_term_string}\"},\"query-input\":{\"@type\":\"PropertyValueSpecification\",\"valueRequired\":true,\"valueName\":\"search_term_string\"}}],\"inLanguage\":\"en-US\"}]}<\/script>\n<!-- \/ Yoast SEO plugin. -->","yoast_head_json":{"title":"Freestanding kitchen mixer PRATO, antique brass - MetalTale.com","robots":{"index":"index","follow":"follow","max-snippet":"max-snippet:-1","max-image-preview":"max-image-preview:large","max-video-preview":"max-video-preview:-1"},"canonical":"https:\/\/metaltale.com\/en\/product\/freestanding-kitchen-mixer-prato-antique-brass\/","og_locale":"en_US","og_type":"article","og_title":"Freestanding kitchen mixer PRATO, antique brass - MetalTale.com","og_description":"Model QZ.CF-004-AMD Modern Collection Height (cm) 35.2 Diameter of base (cm) 4.9 Spout length (cm) 19.5 Height to spout (cm)","og_url":"https:\/\/metaltale.com\/en\/product\/freestanding-kitchen-mixer-prato-antique-brass\/","og_site_name":"MetalTale.com","og_image":[{"width":800,"height":800,"url":"http:\/\/metaltale.com\/wp-content\/uploads\/2024\/02\/bateria-kuchenna-stojaca-zlota-glamour-767.jpg","type":"image\/jpeg"}],"twitter_card":"summary_large_image","twitter_misc":{"Est. reading time":"1 minute"},"schema":{"@context":"https:\/\/schema.org","@graph":[{"@type":"WebPage","@id":"https:\/\/metaltale.com\/en\/product\/freestanding-kitchen-mixer-prato-antique-brass\/","url":"https:\/\/metaltale.com\/en\/product\/freestanding-kitchen-mixer-prato-antique-brass\/","name":"Freestanding kitchen mixer PRATO, antique brass - MetalTale.com","isPartOf":{"@id":"https:\/\/metaltale.com\/en\/#website"},"primaryImageOfPage":{"@id":"https:\/\/metaltale.com\/en\/product\/freestanding-kitchen-mixer-prato-antique-brass\/#primaryimage"},"image":{"@id":"https:\/\/metaltale.com\/en\/product\/freestanding-kitchen-mixer-prato-antique-brass\/#primaryimage"},"thumbnailUrl":"https:\/\/metaltale.com\/wp-content\/uploads\/2024\/02\/bateria-kuchenna-stojaca-zlota-glamour-767.jpg","datePublished":"2024-02-13T13:23:56+00:00","breadcrumb":{"@id":"https:\/\/metaltale.com\/en\/product\/freestanding-kitchen-mixer-prato-antique-brass\/#breadcrumb"},"inLanguage":"en-US","potentialAction":[{"@type":"ReadAction","target":["https:\/\/metaltale.com\/en\/product\/freestanding-kitchen-mixer-prato-antique-brass\/"]}]},{"@type":"ImageObject","inLanguage":"en-US","@id":"https:\/\/metaltale.com\/en\/product\/freestanding-kitchen-mixer-prato-antique-brass\/#primaryimage","url":"https:\/\/metaltale.com\/wp-content\/uploads\/2024\/02\/bateria-kuchenna-stojaca-zlota-glamour-767.jpg","contentUrl":"https:\/\/metaltale.com\/wp-content\/uploads\/2024\/02\/bateria-kuchenna-stojaca-zlota-glamour-767.jpg","width":800,"height":800,"caption":"Laisvai pastatomas virtuv\u0117s mai\u0161ytuvas PRATO, antikvarinis \u017ealvaris"},{"@type":"BreadcrumbList","@id":"https:\/\/metaltale.com\/en\/product\/freestanding-kitchen-mixer-prato-antique-brass\/#breadcrumb","itemListElement":[{"@type":"ListItem","position":1,"name":"Home","item":"https:\/\/metaltale.com\/en\/home-decor\/"},{"@type":"ListItem","position":2,"name":"Shop","item":"https:\/\/metaltale.com\/en\/shop\/"},{"@type":"ListItem","position":3,"name":"Freestanding kitchen mixer PRATO, antique brass"}]},{"@type":"WebSite","@id":"https:\/\/metaltale.com\/en\/#website","url":"https:\/\/metaltale.com\/en\/","name":"Metaltale.com","description":"","potentialAction":[{"@type":"SearchAction","target":{"@type":"EntryPoint","urlTemplate":"https:\/\/metaltale.com\/en\/?s={search_term_string}"},"query-input":{"@type":"PropertyValueSpecification","valueRequired":true,"valueName":"search_term_string"}}],"inLanguage":"en-US"}]}},"_links":{"self":[{"href":"https:\/\/metaltale.com\/en\/wp-json\/wp\/v2\/product\/133645","targetHints":{"allow":["GET"]}}],"collection":[{"href":"https:\/\/metaltale.com\/en\/wp-json\/wp\/v2\/product"}],"about":[{"href":"https:\/\/metaltale.com\/en\/wp-json\/wp\/v2\/types\/product"}],"replies":[{"embeddable":true,"href":"https:\/\/metaltale.com\/en\/wp-json\/wp\/v2\/comments?post=133645"}],"version-history":[{"count":0,"href":"https:\/\/metaltale.com\/en\/wp-json\/wp\/v2\/product\/133645\/revisions"}],"wp:featuredmedia":[{"embeddable":true,"href":"https:\/\/metaltale.com\/en\/wp-json\/wp\/v2\/media\/143056"}],"wp:attachment":[{"href":"https:\/\/metaltale.com\/en\/wp-json\/wp\/v2\/media?parent=133645"}],"wp:term":[{"taxonomy":"product_brand","embeddable":true,"href":"https:\/\/metaltale.com\/en\/wp-json\/wp\/v2\/product_brand?post=133645"},{"taxonomy":"product_cat","embeddable":true,"href":"https:\/\/metaltale.com\/en\/wp-json\/wp\/v2\/product_cat?post=133645"},{"taxonomy":"product_tag","embeddable":true,"href":"https:\/\/metaltale.com\/en\/wp-json\/wp\/v2\/product_tag?post=133645"}],"curies":[{"name":"wp","href":"https:\/\/api.w.org\/{rel}","templated":true}]}}