{"id":132537,"date":"2023-11-07T08:20:05","date_gmt":"2023-11-07T06:20:05","guid":{"rendered":"https:\/\/metaltale.com\/exchange-and-return-policy\/"},"modified":"2024-05-23T22:22:42","modified_gmt":"2024-05-23T20:22:42","slug":"exchange-and-return-policy","status":"publish","type":"page","link":"https:\/\/metaltale.com\/en\/exchange-and-return-policy\/","title":{"rendered":"Exchange and return policy"},"content":{"rendered":"\t\t<div data-elementor-type=\"wp-page\" data-elementor-id=\"132537\" class=\"elementor elementor-132537 elementor-40486\">\n\t\t\t\t\t\t<section class=\"wd-negative-gap elementor-section elementor-top-section elementor-element elementor-element-49bca3c elementor-section-boxed elementor-section-height-default elementor-section-height-default\" data-id=\"49bca3c\" data-element_type=\"section\">\n\t\t\t\t\t\t<div class=\"elementor-container elementor-column-gap-default\">\n\t\t\t\t\t<div class=\"elementor-column elementor-col-100 elementor-top-column elementor-element elementor-element-7e3e7e2\" data-id=\"7e3e7e2\" data-element_type=\"column\">\n\t\t\t<div class=\"elementor-widget-wrap elementor-element-populated\">\n\t\t\t\t\t\t<div class=\"elementor-element elementor-element-6d90249 elementor-widget elementor-widget-wd_text_block\" data-id=\"6d90249\" data-element_type=\"widget\" data-widget_type=\"wd_text_block.default\">\n\t\t\t\t<div class=\"elementor-widget-container\">\n\t\t\t\t\t\t\t<div class=\"wd-text-block reset-last-child text-left\">\n\t\t\t\n\t\t\t<h2><strong>U\u017esakymo At\u0161aukimas<\/strong><\/h2><p>J\u016bs turite teis\u0119 at\u0161aukti savo u\u017esakym\u0105 per 30 dien\u0173 nuo preki\u0173 gavimo dienos, nenurodydami jokios prie\u017easties. U\u017esakymo at\u0161aukimo terminas yra 30 dien\u0173 nuo tos dienos, kai j\u016bs ar j\u016bs\u0173 paskirta tre\u010dioji \u0161alis, kuri n\u0117ra ve\u017e\u0117jas, pri\u0117m\u0117 pristatyt\u0105 prek\u0119. Nor\u0117dami pasinaudoti savo teise at\u0161aukti u\u017esakym\u0105, turite informuoti mus apie savo sprendim\u0105 ai\u0161kiu parei\u0161kimu el. pa\u0161tu: hello@metaltale.com.<\/p><h2><strong>Pinig\u0173 Gr\u0105\u017einimas<\/strong><\/h2><p>Pinigus gr\u0105\u017einsime ne v\u0117liau kaip per 30 dien\u0173 nuo gr\u0105\u017eint\u0173 preki\u0173 gavimo dienos. Naudosime tokias pa\u010dias mok\u0117jimo priemones, kokias naudojote u\u017esakymui atlikti, ir jums nereik\u0117s mok\u0117ti u\u017e tok\u012f kompensavim\u0105.<\/p><h2><strong>Gr\u0105\u017einimo S\u0105lygos<\/strong><\/h2><p>Gr\u0105\u017einti prek\u0119 galite, jei:<\/p><ul><li>Prek\u0117 \u012fsigyta per paskutines 30 dien\u0173.<\/li><li>Prek\u0117 yra originalioje pakuot\u0117je.<\/li><\/ul><h3><strong>Negr\u0105\u017einamos Prek\u0117s:<\/strong><\/h3><ul><li>Prek\u0117s pagal j\u016bs\u0173 specifikacijas arba individualiai pritaikytos.<\/li><li>Prek\u0117s, kurios pagal savo pob\u016bd\u012f n\u0117ra tinkamos gr\u0105\u017einimui (pvz., prek\u0117s, kuri\u0173 galiojimo laikas pasibaig\u0119s).<\/li><li>Prek\u0117s, kurios po pristatymo buvo i\u0161pakuotos ir netinka gr\u0105\u017einti d\u0117l sveikatos ar higienos prie\u017eas\u010di\u0173.<\/li><li>Prek\u0117s, kurios po pristatymo yra neatskiriamai sumai\u0161ytos su kitomis prek\u0117mis.<\/li><\/ul><p>Mes pasiliekame teis\u0119 savo nuo\u017ei\u016bra atsisakyti gr\u0105\u017einti bet kokias prekes, kurios neatitinka auk\u0161\u010diau nurodyt\u0173 gr\u0105\u017einimo s\u0105lyg\u0173.<\/p><h2><strong>Preki\u0173 Gr\u0105\u017einimas<\/strong><\/h2><p>J\u016bs esate atsakingi u\u017e preki\u0173 gr\u0105\u017einimo mums i\u0161laidas ir rizik\u0105. Prekes tur\u0117tum\u0117te si\u0173sti \u0161iuo adresu: Vilnius, Vytenio g. 50B. Negalime b\u016bti atsakingi u\u017e sugadintas arba prarastas prekes gr\u0105\u017einant, tod\u0117l rekomenduojame naudoti apdraust\u0105 ir sekam\u0105 pa\u0161to paslaug\u0105.<\/p><h2><strong>Dovanos<\/strong><\/h2><p>Jei prek\u0117 buvo pa\u017eym\u0117ta kaip dovana ir buvo i\u0161si\u0173sta tiesiai jums, gausite dovan\u0173 kredit\u0105, atitinkant\u012f gr\u0105\u017einamos prek\u0117s vert\u0119. Gavus gr\u0105\u017eint\u0105 prek\u0119, jums bus i\u0161si\u0173stas dovan\u0173 kuponas.<\/p><p>Jeigu prek\u0117 nebuvo pa\u017eym\u0117ta kaip dovana, arba dovanotojas buvo i\u0161siunt\u0119s u\u017esakym\u0105 sau, kad v\u0117liau j\u012f \u012fteikt\u0173, pinigus gr\u0105\u017einsime dovanotojui.<\/p><h2><strong>Susisiekite su Mumis<\/strong><\/h2><p>Jei turite klausim\u0173 d\u0117l m\u016bs\u0173 gr\u0105\u017einimo ir pinig\u0173 gr\u0105\u017einimo politikos, susisiekite su mumis el. pa\u0161tu: hello@metaltale.com.<\/p>\n\t\t\t\t\t<\/div>\n\t\t\t\t\t\t<\/div>\n\t\t\t\t<\/div>\n\t\t\t\t\t<\/div>\n\t\t<\/div>\n\t\t\t\t\t<\/div>\n\t\t<\/section>\n\t\t\t\t<\/div>\n\t\t","protected":false},"excerpt":{"rendered":"<p>U\u017esakymo At\u0161aukimas J\u016bs turite teis\u0119 at\u0161aukti savo u\u017esakym\u0105 per 30 dien\u0173 nuo preki\u0173 gavimo dienos, nenurodydami jokios prie\u017easties. U\u017esakymo at\u0161aukimo<\/p>\n","protected":false},"author":2,"featured_media":0,"parent":0,"menu_order":0,"comment_status":"closed","ping_status":"closed","template":"","meta":{"_acf_changed":false,"pmpro_default_level":"","footnotes":""},"class_list":["post-132537","page","type-page","status-publish","hentry","pmpro-has-access"],"acf":[],"yoast_head":"<!-- This site is optimized with the Yoast SEO plugin v24.9 - https:\/\/yoast.com\/wordpress\/plugins\/seo\/ -->\n<title>Exchange and Return Policy | Metaltale.com<\/title>\n<meta name=\"description\" content=\"Metaltale&#039;s exchange and return policy. Practical handmade metalware for modern, luxurious interiors.\" \/>\n<meta name=\"robots\" content=\"index, follow, max-snippet:-1, max-image-preview:large, max-video-preview:-1\" \/>\n<link rel=\"canonical\" href=\"https:\/\/metaltale.com\/en\/exchange-and-return-policy\/\" \/>\n<meta property=\"og:locale\" content=\"en_US\" \/>\n<meta property=\"og:type\" content=\"article\" \/>\n<meta property=\"og:title\" content=\"Exchange and Return Policy | Metaltale.com\" \/>\n<meta property=\"og:description\" content=\"Metaltale&#039;s exchange and return policy. Practical handmade metalware for modern, luxurious interiors.\" \/>\n<meta property=\"og:url\" content=\"https:\/\/metaltale.com\/en\/exchange-and-return-policy\/\" \/>\n<meta property=\"og:site_name\" content=\"MetalTale.com\" \/>\n<meta property=\"article:modified_time\" content=\"2024-05-23T20:22:42+00:00\" \/>\n<meta name=\"twitter:card\" content=\"summary_large_image\" \/>\n<meta name=\"twitter:label1\" content=\"Est. reading time\" \/>\n\t<meta name=\"twitter:data1\" content=\"2 minutes\" \/>\n<script type=\"application\/ld+json\" class=\"yoast-schema-graph\">{\"@context\":\"https:\/\/schema.org\",\"@graph\":[{\"@type\":\"WebPage\",\"@id\":\"https:\/\/metaltale.com\/en\/exchange-and-return-policy\/\",\"url\":\"https:\/\/metaltale.com\/en\/exchange-and-return-policy\/\",\"name\":\"Exchange and Return Policy | Metaltale.com\",\"isPartOf\":{\"@id\":\"https:\/\/metaltale.com\/en\/#website\"},\"datePublished\":\"2023-11-07T06:20:05+00:00\",\"dateModified\":\"2024-05-23T20:22:42+00:00\",\"description\":\"Metaltale's exchange and return policy. Practical handmade metalware for modern, luxurious interiors.\",\"breadcrumb\":{\"@id\":\"https:\/\/metaltale.com\/en\/exchange-and-return-policy\/#breadcrumb\"},\"inLanguage\":\"en-US\",\"potentialAction\":[{\"@type\":\"ReadAction\",\"target\":[\"https:\/\/metaltale.com\/en\/exchange-and-return-policy\/\"]}]},{\"@type\":\"BreadcrumbList\",\"@id\":\"https:\/\/metaltale.com\/en\/exchange-and-return-policy\/#breadcrumb\",\"itemListElement\":[{\"@type\":\"ListItem\",\"position\":1,\"name\":\"Home\",\"item\":\"https:\/\/metaltale.com\/en\/home-decor\/\"},{\"@type\":\"ListItem\",\"position\":2,\"name\":\"Exchange and return policy\"}]},{\"@type\":\"WebSite\",\"@id\":\"https:\/\/metaltale.com\/en\/#website\",\"url\":\"https:\/\/metaltale.com\/en\/\",\"name\":\"Metaltale.com\",\"description\":\"\",\"potentialAction\":[{\"@type\":\"SearchAction\",\"target\":{\"@type\":\"EntryPoint\",\"urlTemplate\":\"https:\/\/metaltale.com\/en\/?s={search_term_string}\"},\"query-input\":{\"@type\":\"PropertyValueSpecification\",\"valueRequired\":true,\"valueName\":\"search_term_string\"}}],\"inLanguage\":\"en-US\"}]}<\/script>\n<!-- \/ Yoast SEO plugin. -->","yoast_head_json":{"title":"Exchange and Return Policy | Metaltale.com","description":"Metaltale's exchange and return policy. Practical handmade metalware for modern, luxurious interiors.","robots":{"index":"index","follow":"follow","max-snippet":"max-snippet:-1","max-image-preview":"max-image-preview:large","max-video-preview":"max-video-preview:-1"},"canonical":"https:\/\/metaltale.com\/en\/exchange-and-return-policy\/","og_locale":"en_US","og_type":"article","og_title":"Exchange and Return Policy | Metaltale.com","og_description":"Metaltale's exchange and return policy. Practical handmade metalware for modern, luxurious interiors.","og_url":"https:\/\/metaltale.com\/en\/exchange-and-return-policy\/","og_site_name":"MetalTale.com","article_modified_time":"2024-05-23T20:22:42+00:00","twitter_card":"summary_large_image","twitter_misc":{"Est. reading time":"2 minutes"},"schema":{"@context":"https:\/\/schema.org","@graph":[{"@type":"WebPage","@id":"https:\/\/metaltale.com\/en\/exchange-and-return-policy\/","url":"https:\/\/metaltale.com\/en\/exchange-and-return-policy\/","name":"Exchange and Return Policy | Metaltale.com","isPartOf":{"@id":"https:\/\/metaltale.com\/en\/#website"},"datePublished":"2023-11-07T06:20:05+00:00","dateModified":"2024-05-23T20:22:42+00:00","description":"Metaltale's exchange and return policy. Practical handmade metalware for modern, luxurious interiors.","breadcrumb":{"@id":"https:\/\/metaltale.com\/en\/exchange-and-return-policy\/#breadcrumb"},"inLanguage":"en-US","potentialAction":[{"@type":"ReadAction","target":["https:\/\/metaltale.com\/en\/exchange-and-return-policy\/"]}]},{"@type":"BreadcrumbList","@id":"https:\/\/metaltale.com\/en\/exchange-and-return-policy\/#breadcrumb","itemListElement":[{"@type":"ListItem","position":1,"name":"Home","item":"https:\/\/metaltale.com\/en\/home-decor\/"},{"@type":"ListItem","position":2,"name":"Exchange and return policy"}]},{"@type":"WebSite","@id":"https:\/\/metaltale.com\/en\/#website","url":"https:\/\/metaltale.com\/en\/","name":"Metaltale.com","description":"","potentialAction":[{"@type":"SearchAction","target":{"@type":"EntryPoint","urlTemplate":"https:\/\/metaltale.com\/en\/?s={search_term_string}"},"query-input":{"@type":"PropertyValueSpecification","valueRequired":true,"valueName":"search_term_string"}}],"inLanguage":"en-US"}]}},"_links":{"self":[{"href":"https:\/\/metaltale.com\/en\/wp-json\/wp\/v2\/pages\/132537","targetHints":{"allow":["GET"]}}],"collection":[{"href":"https:\/\/metaltale.com\/en\/wp-json\/wp\/v2\/pages"}],"about":[{"href":"https:\/\/metaltale.com\/en\/wp-json\/wp\/v2\/types\/page"}],"author":[{"embeddable":true,"href":"https:\/\/metaltale.com\/en\/wp-json\/wp\/v2\/users\/2"}],"replies":[{"embeddable":true,"href":"https:\/\/metaltale.com\/en\/wp-json\/wp\/v2\/comments?post=132537"}],"version-history":[{"count":1,"href":"https:\/\/metaltale.com\/en\/wp-json\/wp\/v2\/pages\/132537\/revisions"}],"predecessor-version":[{"id":132538,"href":"https:\/\/metaltale.com\/en\/wp-json\/wp\/v2\/pages\/132537\/revisions\/132538"}],"wp:attachment":[{"href":"https:\/\/metaltale.com\/en\/wp-json\/wp\/v2\/media?parent=132537"}],"curies":[{"name":"wp","href":"https:\/\/api.w.org\/{rel}","templated":true}]}}